{"id":2930,"date":"2023-07-31T17:09:50","date_gmt":"2023-07-31T14:09:50","guid":{"rendered":"https:\/\/paiderally.ee\/e-poe-uldtingimused\/"},"modified":"2023-07-31T17:09:50","modified_gmt":"2023-07-31T14:09:50","slug":"e-poe-uldtingimused","status":"publish","type":"page","link":"https:\/\/paiderally.ee\/en\/e-poe-uldtingimused\/","title":{"rendered":"E-poe \u00fcldtingimused"},"content":{"rendered":"<h3>Ostmine e-poest<\/h3>\n<p>Ostmiseks lisage soovitud toode ostukorvi.<\/p>\n<p>Ostukorvi sisu n\u00e4ete, kui kl\u00f5psate \u00fcleval paremas nurgas asuvale nupule \u201cOstukorv\u201d. Ostukorvis saab soovi korral muuta tellitavate kaupade kogust. Kui olete veendunud, et ostukorvis on just need tooted, mida osta tahate, kl\u00f5psake nuppu \u201cSoorita ost\u201d, s\u00fcsteem suunab teid edasi tellimuse vormistamisele.<br \/>\nT\u00e4itke palun ilmuvad kontaktv\u00e4ljad enda andmetega t\u00e4helepanelikult, see on vajalik kauba viperusteta kohaletoimetamiseks. Valige Teile sobiv kauba kohaletoimetamise meetod, kui valite pakiautomaadi, siis lisage rippmen\u00fc\u00fcst ka teile sobiv automaat.<br \/>\nViimasena valige \u201cMakseviis\u201d ning l\u00f5plikuks tellimuse kinnitamiseks vajutage nuppu \u201cEsita tellimus\u201d. Vastavalt makseviisile suunab s\u00fcsteem teid ise edasi. J\u00e4lgige erkaanil olevaid \u00f5petusi.<\/p>\n<p>Kauba eest saab tasuda pangalingiga teile sobivast internetipangast. Pangalinke pakub <strong>Montonio Finance<\/strong>, makseid vastu v\u00f5etakse eurodes.<\/p>\n<p>K\u00f5ik paiderally.ee e-poes avaldatud toodete m\u00fc\u00fcgihinnad on toodud koos k\u00e4ibemaksuga\u00a0<em>(20%)<\/em>.<\/p>\n<h4>Tellija \u00f5igus kaubast taganeda<\/h4>\n<p>Kauba tagastamisega seonduvad postikulud kannab tellija. Tagastatav kaup peab olema kasutamata ning originaalpakendis. Toote tagastamiseks tuleb esitada tagastamisteade e-mailile info@paiderally.ee.\u00a0Tagamisteates peavad olema kirjas kliendi nimi ja perekonnanimi, tellimuse number, tellimuse kuup\u00e4ev ja tagastamise p\u00f5hjus. Kui kauba tagastamise p\u00f5hjuseks on kaubal esinevad puudused, siis vahetatakse kaup v\u00e4lja m\u00fc\u00fcja kulul.<\/p>\n<h4>M\u00fc\u00fcja \u00f5igus tellimusest taganeda<\/h4>\n<p>M\u00fc\u00fcjal on \u00f5igus tellimuse alusel s\u00f5lmitud ostu-m\u00fc\u00fcgilepingust taganeda, kui m\u00fc\u00fcja vastava kauba varud on ammendunud.<\/p>\n<h4>Raha tagastamine<\/h4>\n<p>M\u00fc\u00fcja tagastab tellijale lepingust taganemise korral kauba eest tasutud hinna viivitamata, hiljemalt aga 30 p\u00e4eva jooksul alates lepingust taganemisest tellija osundatud pangakontole.<\/p>\n<h4>Tarne<\/h4>\n<p>Tellitud kaubad saadetakse tellija poolt valitud pakiautomaati (Omniva, Itella, DPD). Kaubad saadetakse v\u00e4lja \u00fcldjuhul kahe t\u00f6\u00f6p\u00e4eva jooksul arvestades tellimuse eest tasumise p\u00e4evast.<\/p>\n<h4><strong>Intellektuaalomandi \u00f5igused:<\/strong><\/h4>\n<p>Meie kodulehel asuvad tekstid, helid, kujutised, animatsioonid ja videod ning nende rakendused on kaitstud autori\u00f5igustega ja teiste asjakohaste \u00f5igustega. K\u00e4esoleva kodulehe sisu ei tohi kopeerida, levitada, muuta v\u00f5i teha kolmandatele isikutele k\u00e4ttesaadavaks. M\u00f5ned meie kodulehel olevad fotod on kaitstud kolmandate isikute autori\u00f5igustega.\u00a0 Kui pole teisiti s\u00e4testatud, siis k\u00f5ikide meie kodulehel esitatud kaubam\u00e4rkide puhul on tegu kaitstud kaubam\u00e4rkidega. Meie kodulehel ei anta kolmandatele isikutele \u00f5igust kasutada meile v\u00f5i kolmandatele isikutele kuuluvat intellektuaalomandit.<\/p>\n<p><em><strong>Paide Rally e-poes m\u00fc\u00fcdava kauba<\/strong><strong> ja rallipassidega<\/strong>\u00a0<strong>ei ole lubatud ilma Paide Rally (BTR Racing MT\u00dc) <\/strong><strong>esindaja\u00a0<\/strong><strong>kirjaliku loata l\u00e4bi viia turundus- ega m\u00fc\u00fcgiedenduskampaaniaid v\u00f5i muud selletaolist kommunikatsiooni.\u00a0<\/strong><\/em><\/p>\n<h4>L\u00f5pps\u00e4tted<\/h4>\n<p>K\u00e4esolevates tingimustes eraldi lahendamata k\u00fcsimustes l\u00e4htutakse Eesti Vabariigis kehtivatest \u00f5igusaktidest. Kokkuleppe mittesaavutamisel on tellijal \u00f5igus p\u00f6\u00f6rduda oma \u00f5iguste kaitseks Tarbijakaitseametisse. Vaidluste lahendamisel l\u00e4htutakse Eesti Vabariigis kehtivatest \u00f5igusaktidest.<\/p>\n<p>K\u00f5ikv\u00f5imalikud k\u00fcsimused on oodatud aadressil info@paiderally.ee<\/p>\n<p>Ostu- ja tehniline abi telefonil +372 5699 6558 (Keia)<\/p>\n","protected":false},"excerpt":{"rendered":"<p>Ostmine e-poest Ostmiseks lisage soovitud toode ostukorvi. Ostukorvi sisu n\u00e4ete, kui kl\u00f5psate \u00fcleval paremas nurgas asuvale nupule \u201cOstukorv\u201d. Ostukorvis saab soovi korral muuta tellitavate kaupade kogust. Kui olete veendunud, et ostukorvis on just need tooted, mida osta tahate, kl\u00f5psake nuppu \u201cSoorita ost\u201d, s\u00fcsteem suunab teid edasi tellimuse vormistamisele. T\u00e4itke palun ilmuvad kontaktv\u00e4ljad enda andmetega t\u00e4helepanelikult, [&hellip;]<\/p>\n","protected":false},"author":2,"featured_media":0,"parent":0,"menu_order":0,"comment_status":"closed","ping_status":"closed","template":"","meta":{"footnotes":""},"class_list":["post-2930","page","type-page","status-publish","hentry"],"_links":{"self":[{"href":"https:\/\/paiderally.ee\/en\/wp-json\/wp\/v2\/pages\/2930","targetHints":{"allow":["GET"]}}],"collection":[{"href":"https:\/\/paiderally.ee\/en\/wp-json\/wp\/v2\/pages"}],"about":[{"href":"https:\/\/paiderally.ee\/en\/wp-json\/wp\/v2\/types\/page"}],"author":[{"embeddable":true,"href":"https:\/\/paiderally.ee\/en\/wp-json\/wp\/v2\/users\/2"}],"replies":[{"embeddable":true,"href":"https:\/\/paiderally.ee\/en\/wp-json\/wp\/v2\/comments?post=2930"}],"version-history":[{"count":1,"href":"https:\/\/paiderally.ee\/en\/wp-json\/wp\/v2\/pages\/2930\/revisions"}],"predecessor-version":[{"id":2931,"href":"https:\/\/paiderally.ee\/en\/wp-json\/wp\/v2\/pages\/2930\/revisions\/2931"}],"wp:attachment":[{"href":"https:\/\/paiderally.ee\/en\/wp-json\/wp\/v2\/media?parent=2930"}],"curies":[{"name":"wp","href":"https:\/\/api.w.org\/{rel}","templated":true}]}}